{"id":101,"date":"2024-12-23T08:24:36","date_gmt":"2024-12-23T07:24:36","guid":{"rendered":"http:\/\/swimkids.pl\/?page_id=101"},"modified":"2024-12-23T08:24:36","modified_gmt":"2024-12-23T07:24:36","slug":"o-akademii-swimkids","status":"publish","type":"page","link":"http:\/\/swimkids.pl\/?page_id=101","title":{"rendered":"O Akademii SwimKids"},"content":{"rendered":"\n<div class=\"wp-block-columns is-layout-flex wp-container-core-columns-is-layout-28f84493 wp-block-columns-is-layout-flex\">\n<div class=\"wp-block-column is-layout-flow wp-block-column-is-layout-flow\" style=\"flex-basis:66.66%\">\n<figure class=\"wp-block-image size-full\"><img decoding=\"async\" src=\"http:\/\/swimkids.pl\/wp-content\/uploads\/2024\/12\/header.jpg\" alt=\"\" class=\"wp-image-97\"\/><\/figure>\n<\/div>\n\n\n\n<div class=\"wp-block-column is-layout-flow wp-block-column-is-layout-flow\" style=\"flex-basis:33.33%\">\n<p>Mam przyjemno\u015b\u0107 uczy\u0107 kocha\u0107 p\u0142ywanie. Niezale\u017cnie od wieku i umiej\u0119tno\u015bci. Osoby umiej\u0105ce p\u0142ywa\u0107, b\u0119d\u0105 delektowa\u0142y si\u0119 t\u0105 zdolno\u015bci\u0105 przez ca\u0142e \u017cycie. Wiem z w\u0142asnego do\u015bwiadczenia, a tak\u017ce wieloletniej praktyki z dzie\u0107mi i m\u0142odzie\u017c\u0105.<\/p>\n<\/div>\n<\/div>\n","protected":false},"excerpt":{"rendered":"<p>Mam przyjemno\u015b\u0107 uczy\u0107 kocha\u0107 p\u0142ywanie. Niezale\u017cnie od wieku i umiej\u0119tno\u015bci. Osoby umiej\u0105ce p\u0142ywa\u0107, b\u0119d\u0105 delektowa\u0142y si\u0119 t\u0105 zdolno\u015bci\u0105 przez ca\u0142e \u017cycie. Wiem z w\u0142asnego do\u015bwiadczenia, a tak\u017ce wieloletniej praktyki z dzie\u0107mi i m\u0142odzie\u017c\u0105.<\/p>\n","protected":false},"author":1,"featured_media":0,"parent":0,"menu_order":0,"comment_status":"closed","ping_status":"closed","template":"","meta":{"footnotes":""},"class_list":["post-101","page","type-page","status-publish","hentry"],"_links":{"self":[{"href":"http:\/\/swimkids.pl\/index.php?rest_route=\/wp\/v2\/pages\/101","targetHints":{"allow":["GET"]}}],"collection":[{"href":"http:\/\/swimkids.pl\/index.php?rest_route=\/wp\/v2\/pages"}],"about":[{"href":"http:\/\/swimkids.pl\/index.php?rest_route=\/wp\/v2\/types\/page"}],"author":[{"embeddable":true,"href":"http:\/\/swimkids.pl\/index.php?rest_route=\/wp\/v2\/users\/1"}],"replies":[{"embeddable":true,"href":"http:\/\/swimkids.pl\/index.php?rest_route=%2Fwp%2Fv2%2Fcomments&post=101"}],"version-history":[{"count":1,"href":"http:\/\/swimkids.pl\/index.php?rest_route=\/wp\/v2\/pages\/101\/revisions"}],"predecessor-version":[{"id":102,"href":"http:\/\/swimkids.pl\/index.php?rest_route=\/wp\/v2\/pages\/101\/revisions\/102"}],"wp:attachment":[{"href":"http:\/\/swimkids.pl\/index.php?rest_route=%2Fwp%2Fv2%2Fmedia&parent=101"}],"curies":[{"name":"wp","href":"https:\/\/api.w.org\/{rel}","templated":true}]}}